{"id":75,"date":"2015-04-02T20:07:44","date_gmt":"2015-04-02T18:07:44","guid":{"rendered":"https:\/\/ratownictwo.nodo.pl\/?page_id=75"},"modified":"2019-06-27T16:26:09","modified_gmt":"2019-06-27T14:26:09","slug":"kontakt","status":"publish","type":"page","link":"https:\/\/ratownictwo.nodo.pl\/?page_id=75","title":{"rendered":"Kontakt"},"content":{"rendered":"<p>NoDo Mariusz Penar<br \/>\ntel. 58 520 20 30, 602 39 64 10<br \/>\nemail: biuro@nodo.pl<br \/>\n<a title=\"Jednostka prowadz\u0105ca Ratownictwo NoDo\" href=\"http:\/\/BHP-PierwszaPomoc.pl\" target=\"_blank\" rel=\"noopener noreferrer\">www.BHP-PierwszaPomoc.pl<\/a><\/p>\n\n<div class=\"wpcf7 no-js\" id=\"wpcf7-f559-o1\" lang=\"pl-PL\" dir=\"ltr\">\n<div class=\"screen-reader-response\"><p role=\"status\" aria-live=\"polite\" aria-atomic=\"true\"><\/p> <ul><\/ul><\/div>\n<form action=\"\/index.php?rest_route=%2Fwp%2Fv2%2Fpages%2F75#wpcf7-f559-o1\" method=\"post\" class=\"wpcf7-form init\" aria-label=\"Formularz kontaktowy\" novalidate=\"novalidate\" data-status=\"init\">\n<div style=\"display: none;\">\n<input type=\"hidden\" name=\"_wpcf7\" value=\"559\" \/>\n<input type=\"hidden\" name=\"_wpcf7_version\" value=\"5.8.6\" \/>\n<input type=\"hidden\" name=\"_wpcf7_locale\" value=\"pl_PL\" \/>\n<input type=\"hidden\" name=\"_wpcf7_unit_tag\" value=\"wpcf7-f559-o1\" \/>\n<input type=\"hidden\" name=\"_wpcf7_container_post\" value=\"0\" \/>\n<input type=\"hidden\" name=\"_wpcf7_posted_data_hash\" value=\"\" \/>\n<\/div>\n<p><label> Adres e-mail (wymagane)<br \/>\n<span class=\"wpcf7-form-control-wrap\" data-name=\"your-email\"><input size=\"40\" class=\"wpcf7-form-control wpcf7-email wpcf7-text wpcf7-validates-as-email\" aria-invalid=\"false\" value=\"\" type=\"email\" name=\"your-email\" \/><\/span> <\/label><br \/>\n<label> Temat<br \/>\n<span class=\"wpcf7-form-control-wrap\" data-name=\"your-subject\"><input size=\"40\" class=\"wpcf7-form-control wpcf7-text\" aria-invalid=\"false\" value=\"\" type=\"text\" name=\"your-subject\" \/><\/span> <\/label><br \/>\n<label> Tre\u015b\u0107 wiadomo\u015bci<br \/>\n<span class=\"wpcf7-form-control-wrap\" data-name=\"your-message\"><textarea cols=\"40\" rows=\"10\" class=\"wpcf7-form-control wpcf7-textarea\" aria-invalid=\"false\" name=\"your-message\"><\/textarea><\/span> <\/label>\n<\/p>\n<p><input class=\"wpcf7-form-control wpcf7-submit has-spinner\" type=\"submit\" value=\"Wy\u015blij\" \/>\n<\/p><div class=\"wpcf7-response-output\" aria-hidden=\"true\"><\/div>\n<\/form>\n<\/div>\n\n<p>&nbsp;<\/p>\n","protected":false},"excerpt":{"rendered":"<p>NoDo Mariusz Penar tel. 58 520 20 30, 602 39 64 10 email: biuro@nodo.pl www.BHP-PierwszaPomoc.pl &nbsp;<\/p>\n","protected":false},"author":2,"featured_media":0,"parent":0,"menu_order":0,"comment_status":"closed","ping_status":"open","template":"","meta":{"footnotes":""},"_links":{"self":[{"href":"https:\/\/ratownictwo.nodo.pl\/index.php?rest_route=\/wp\/v2\/pages\/75"}],"collection":[{"href":"https:\/\/ratownictwo.nodo.pl\/index.php?rest_route=\/wp\/v2\/pages"}],"about":[{"href":"https:\/\/ratownictwo.nodo.pl\/index.php?rest_route=\/wp\/v2\/types\/page"}],"author":[{"embeddable":true,"href":"https:\/\/ratownictwo.nodo.pl\/index.php?rest_route=\/wp\/v2\/users\/2"}],"replies":[{"embeddable":true,"href":"https:\/\/ratownictwo.nodo.pl\/index.php?rest_route=%2Fwp%2Fv2%2Fcomments&post=75"}],"version-history":[{"count":7,"href":"https:\/\/ratownictwo.nodo.pl\/index.php?rest_route=\/wp\/v2\/pages\/75\/revisions"}],"predecessor-version":[{"id":564,"href":"https:\/\/ratownictwo.nodo.pl\/index.php?rest_route=\/wp\/v2\/pages\/75\/revisions\/564"}],"wp:attachment":[{"href":"https:\/\/ratownictwo.nodo.pl\/index.php?rest_route=%2Fwp%2Fv2%2Fmedia&parent=75"}],"curies":[{"name":"wp","href":"https:\/\/api.w.org\/{rel}","templated":true}]}}