{"id":523,"date":"2019-06-19T12:03:08","date_gmt":"2019-06-19T10:03:08","guid":{"rendered":"https:\/\/ratownictwo.nodo.pl\/?page_id=523"},"modified":"2019-06-19T18:20:12","modified_gmt":"2019-06-19T16:20:12","slug":"kurs-na-ratownika-wodnego","status":"publish","type":"page","link":"https:\/\/ratownictwo.nodo.pl\/?page_id=523","title":{"rendered":"Szkolenie na Ratownika Wodnego"},"content":{"rendered":"<p><strong>Og\u0142oszenie o szkoleniu na Ratownika Wodnego<\/strong><\/p>\n<p>Organizator:\u00a0 \u00a0 \u00a0 \u00a0 \u00a0 \u00a0 \u00a0 <strong>Sopockie WOPR &#8211; szkolenie zarejestrowane pod numerem <a href=\"https:\/\/ratownictwo.nodo.pl\/wp-content\/uploads\/2019\/06\/Zgloszenie-szkolenia-RW-str-1.jpg\" target=\"_blank\" rel=\"noopener noreferrer\">2\/SOP\/R\/2019<\/a><\/strong><br \/>\nTermin:\u00a0 \u00a0 \u00a0 \u00a0 \u00a0 \u00a0 \u00a0 \u00a0 \u00a0 \u00a0 \u00a0 \u00a0 24-30.06.2019 r.<br \/>\nMiejsce:\u00a0 \u00a0 \u00a0 \u00a0 \u00a0 \u00a0 \u00a0 \u00a0 \u00a0 \u00a0 \u00a0 \u00a0 Sopot &#8211; wody otwarte, teoria, Gda\u0144sk &#8211; p\u0142ywalnia<br \/>\nGodziny:\u00a0 \u00a0 \u00a0 \u00a0 \u00a0 \u00a0 \u00a0 \u00a0 \u00a0 \u00a0 \u00a0 10.00-14.00, 15.00-19.00<br \/>\nCena:\u00a0 \u00a0 \u00a0 \u00a0 \u00a0 \u00a0 \u00a0 \u00a0 \u00a0 \u00a0 \u00a0 \u00a0 \u00a0 \u00a0 900 z\u0142 wraz z egzaminem<\/p>\n<p>Pierwsze zaj\u0119cia:\u00a0 \u00a0 24.06.2019 r. P\u0142ywalnia SP nr 2 w Gda\u0144sku, ul. Heleny Marusarz\u00f3wny 10\u00a0 \u00a0 \u00a0 \u00a0 \u00a0 \u00a0 \u00a0 \u00a0 \u00a0 \u00a0 \u00a0 \u00a0 \u00a0 \u00a0 \u00a0 \u00a0 \u00a0 \u00a0 \u00a0 \u00a0 godz. 10.00<\/p>\n<p>Na zaj\u0119cia nale\u017cy przynie\u015b\u0107<br \/>\n&#8211; wype\u0142nione i podpisane <a href=\"https:\/\/ratownictwo.nodo.pl\/wp-content\/uploads\/2019\/06\/O\u015aWIADCZENIE-UCZESTNIKA-SZKOLENIA.docx\" target=\"_blank\" rel=\"noopener noreferrer\">o\u015bwiadczenie uczestnika &#8211; za\u0142\u0105cznik<\/a><br \/>\n&#8211; potwierdzenie pe\u0142nej (900 z\u0142) wp\u0142aty za szkolenie.<br \/>\nTytu\u0142 wp\u0142aty: Szkolenie RW 2\/SOP\/R\/2019 imi\u0119 i nazwisko uczestnika &#8211; <a href=\"http:\/\/sopockiewopr.pl\/kontakt\" target=\"_blank\" rel=\"noopener noreferrer\">konto Sopockiego WOPR<\/a><br \/>\n&#8211; str\u00f3j k\u0105pielowy, r\u0119cznik, klapki, ubranie sportowe (dres), czapka z daszkiem,<br \/>\nkrem z filtrem, itp.<\/p>\n<p><strong>UWAGA<\/strong><br \/>\n1. W przypadku os\u00f3b niepe\u0142noletnich na koniec szkolenia przeprowadzony zostanie egzamin wewn\u0119trzny. Egzamin &#8220;pa\u0144stwowy&#8221; odb\u0119dzie si\u0119 po uko\u0144czeniu 18 roku \u017cycia.<br \/>\n2. Jednym z element\u00f3w egzaminu praktycznego na koniec szkolenia jest przep\u0142yniecie<br \/>\n400 m w czasie 8 min. lub kr\u00f3tszym. Ze wzgl\u0119du na kr\u00f3tki czas szkolenia (tydzie\u0144) mo\u017cemy nauczy\u0107 ratownictwa wodnego zgodnie z programem szkolenia, jednak nie jeste\u015bmy w stanie nauczy\u0107 p\u0142ywa\u0107. Prosimy wzi\u0105\u0107 to pod uwag\u0119.<\/p>\n<p><a href=\"https:\/\/ratownictwo.nodo.pl\/?page_id=84\" target=\"_blank\" rel=\"noopener noreferrer\">Przepisy reguluj\u0105ce funkcjonowanie ratownictwa wodnego w Polsce<\/a>.<\/p>\n<p>Z powa\u017caniem<\/p>\n<p>Mariusz Penar<br \/>\nKierownik kursu<br \/>\ntel. 602 39 64 10, mail: biuro@nodo.pl<\/p>\n","protected":false},"excerpt":{"rendered":"<p>Og\u0142oszenie o szkoleniu na Ratownika Wodnego Organizator:\u00a0 \u00a0 \u00a0 \u00a0 \u00a0 \u00a0 \u00a0 Sopockie WOPR &#8211; szkolenie zarejestrowane pod numerem 2\/SOP\/R\/2019 Termin:\u00a0 \u00a0 \u00a0 \u00a0 \u00a0 \u00a0 \u00a0 \u00a0 \u00a0 &hellip; <a href=\"https:\/\/ratownictwo.nodo.pl\/?page_id=523\" class=\"more-link\">Czytaj dalej <span class=\"screen-reader-text\">Szkolenie na Ratownika Wodnego<\/span> <span class=\"meta-nav\">&rarr;<\/span><\/a><\/p>\n","protected":false},"author":2,"featured_media":0,"parent":0,"menu_order":0,"comment_status":"closed","ping_status":"closed","template":"","meta":{"footnotes":""},"_links":{"self":[{"href":"https:\/\/ratownictwo.nodo.pl\/index.php?rest_route=\/wp\/v2\/pages\/523"}],"collection":[{"href":"https:\/\/ratownictwo.nodo.pl\/index.php?rest_route=\/wp\/v2\/pages"}],"about":[{"href":"https:\/\/ratownictwo.nodo.pl\/index.php?rest_route=\/wp\/v2\/types\/page"}],"author":[{"embeddable":true,"href":"https:\/\/ratownictwo.nodo.pl\/index.php?rest_route=\/wp\/v2\/users\/2"}],"replies":[{"embeddable":true,"href":"https:\/\/ratownictwo.nodo.pl\/index.php?rest_route=%2Fwp%2Fv2%2Fcomments&post=523"}],"version-history":[{"count":11,"href":"https:\/\/ratownictwo.nodo.pl\/index.php?rest_route=\/wp\/v2\/pages\/523\/revisions"}],"predecessor-version":[{"id":542,"href":"https:\/\/ratownictwo.nodo.pl\/index.php?rest_route=\/wp\/v2\/pages\/523\/revisions\/542"}],"wp:attachment":[{"href":"https:\/\/ratownictwo.nodo.pl\/index.php?rest_route=%2Fwp%2Fv2%2Fmedia&parent=523"}],"curies":[{"name":"wp","href":"https:\/\/api.w.org\/{rel}","templated":true}]}}