{"id":334,"date":"2016-07-20T11:45:06","date_gmt":"2016-07-20T09:45:06","guid":{"rendered":"https:\/\/ratownictwo.nodo.pl\/?page_id=334"},"modified":"2022-07-13T22:01:26","modified_gmt":"2022-07-13T20:01:26","slug":"szkolenia-na-uprawnienia-sternika-motorowodnego","status":"publish","type":"page","link":"https:\/\/ratownictwo.nodo.pl\/?page_id=334","title":{"rendered":"Szkolenia motorowodne"},"content":{"rendered":"<p>Szkolenie przygotowuj\u0105ce do egzaminu na sternika motorowodnego<\/p>\n<div>Miejsce: Szarlota k. Ko\u015bcierzyny<\/div>\n<div>Termin: informacja w zak\u0142adce &#8220;Wydarzenia&#8221;<\/div>\n<div><\/div>\n<div>Pi\u0105tek &#8211; zaj\u0119cia zaczynaj\u0105 si\u0119 o godz. 18.00 &#8211; teoria<\/div>\n<div>Sobota &#8211; godz. 10.00-20.00 z przerw\u0105 na obiad &#8211; zaj\u0119cia teoretyczne, zaj\u0119cia praktyczne na zmian\u0119 z nauk\u0105 w\u0142asn\u0105<\/div>\n<div>Niedziela &#8211; godz. 10.00 do obiadu &#8211; zaj\u0119cia praktyczne na zmian\u0119 z nauk\u0105 w\u0142asn\u0105<\/div>\n<div>Niedziela &#8211; godz. 17.00 egzamin<\/div>\n<div><\/div>\n<div>Cena:<\/div>\n<div>do 9 os\u00f3b 750 z\u0142\/os.<\/div>\n<div>10-12 os\u00f3b 700 z\u0142\/os<\/div>\n<div>+ op\u0142aty urz\u0119dowe ( <a id=\"view:_id1:_id2:_id59:_id61:callback1:_id84:_id106:_id112:0:_id114\" class=\"icon-after doc-link\" href=\"https:\/\/isap.sejm.gov.pl\/isap.nsf\/download.xsp\/WDU20130000460\/O\/D20130460.pdf\" target=\"_blank\" rel=\"noopener noreferrer\">OZPORZ\u0104DZENIE MINISTRA SPORTU I TURYSTYKI z dnia 9 kwietnia 2013 r. w sprawie uprawiania turystyki wodnej<\/a><\/div>\n<div>\u00a7 22. 1. Op\u0142ata za przeprowadzenie egzaminu na:<br \/>\n3) patent sternika motorowodnego \u2013 wynosi 250 z\u0142;<br \/>\n2. Op\u0142ata za czynno\u015bci zwi\u0105zane z wydaniem patentu albo licencji wynosi 50 z\u0142.<br \/>\n3. Op\u0142aty okre\u015blone w ust. 1 i 2 w przypadku uczni\u00f3w i student\u00f3w w wieku do 26 lat podlegaj\u0105 obni\u017ceniu o 50%)<\/div>\n<div><\/div>\n<div>Op\u0142ata egzaminacyjna pobierana jest przez Komisj\u0119 Egzaminacyjn\u0105 w dniu egzaminu<\/div>\n<div>(m\u0142odzie\u017c ucz\u0105ca si\u0119 do 26 roku \u017cycia &#8211; wymagana legitymacja studencka lub szkolna w celu odliczenia 50% op\u0142aty).<\/div>\n<div>\n<p>Po pozytywnym zdaniu egzaminu uczestnik szkolenia otrzymuje <a id=\"view:_id1:_id2:_id59:_id61:callback1:_id84:_id106:_id112:0:_id114\" class=\"icon-after doc-link\" href=\"https:\/\/isap.sejm.gov.pl\/isap.nsf\/download.xsp\/WDU20190001531\/O\/D20191531.pdf\" target=\"_blank\" rel=\"noopener noreferrer\">stosowne za\u015bwiadczenie<\/a>,\u00a0 kt\u00f3re wraz z wnioskiem o wydanie patentu sk\u0142ada do PZMiNW (wszystkie wymagane informacje przeka\u017ce Komisja Egzaminacyjna).<br \/>\n<em>Noclegi i wy\u017cywienie we w\u0142asnym zakresie.<\/em><br \/>\n<em>W przypadku noclegu w KW Szarlota prosimy o wcze\u015bniejsz\u0105 indywidualn\u0105 rezerwacj\u0119 miejsc (dla uczestnik\u00f3w szkolenia za noclegi i wy\u017cywienie w KW Szarlota przys\u0142uguje rabat 10%).<\/em><\/p>\n<p>Potwierdzeniem uczestnictwa w szkoleniu jest wp\u0142ata zaliczki w wysoko\u015bci 300 z\u0142\/os. za szkolenie na rachunek NoDo Mariusz Penar<br \/>\nPKO BP\u00a050 1020 5558 1111 1209 5360 0070<br \/>\nopis wp\u0142aty: szkolenie motorowodne data szkolenia &#8230;&#8230;&#8230;&#8230;&#8230;&#8230;&#8230;&#8230;&#8230;, liczba zg\u0142oszonych<br \/>\nos\u00f3b: &#8230;&#8230;, imi\u0119 i nazwisko lub nazwa firmy, na kt\u00f3r\u0105 ma by\u0107 wystawiona faktura.<br \/>\nPotwierdzenie wp\u0142aty wraz z danymi do faktury prosz\u0119 przes\u0142a\u0107 na adres biuro@nodo.pl<\/p>\n<p>WYMAGANIA: o\u015bwiadczenie o braku przeciwwskaza\u0144 lekarskich do udzia\u0142u w szkoleniu motorowodnym oraz\u00a0<strong>uko\u0144czone 14 lat (w przypadku os\u00f3b niepe\u0142noletnich wymagana jest pisemna zgoda\u00a0opiekun\u00f3w prawnych na udzia\u0142 w szkoleniu i podej\u015bcie do egzaminu)<br \/>\n<\/strong><a href=\"https:\/\/ratownictwo.nodo.pl\/wp-content\/uploads\/2018\/07\/zgoda_rodzicow.pdf\" target=\"_blank\" rel=\"noopener noreferrer\">pisemna zgoda rodzic\u00f3w<\/a> na udzia\u0142 w szkoleniu i egzaminie<\/p>\n<\/div>\n<div>Dodatkowe informacje na\u00a0 <a href=\"https:\/\/www.szarlota.pl\/kursy-motorowodne\/\" target=\"_blank\" rel=\"noopener noreferrer\">https:\/\/www.szarlota.pl\/kursy-motorowodne\/<\/a><\/div>\n<div><\/div>\n<div><strong><a href=\"https:\/\/ratownictwo.nodo.pl\/wp-content\/uploads\/2018\/06\/zakres-wiedzy-teoret-kurs-st-mot.pdf\" target=\"_blank\" rel=\"noopener noreferrer\">Wymagane na egzaminie zakres wiedzy teoretycznej !!!<\/a><\/strong><\/div>\n<div><\/div>\n<div><a href=\"https:\/\/ratownictwo.nodo.pl\/wp-content\/uploads\/2018\/06\/motorowodne-D20130460.pdf\" target=\"_blank\" rel=\"noopener noreferrer\">Przepisy dot. programu szkolenia, egzaminu, uprawnie\u0144 po uzyskaniu patentu sternika motorowodnego<\/a><\/div>\n<div><\/div>\n<div><a href=\"http:\/\/www.kwnakm.pl\/\" target=\"_blank\" rel=\"noopener noreferrer\">Przelicznik kW na KM<\/a><\/div>\n","protected":false},"excerpt":{"rendered":"<p>Szkolenie przygotowuj\u0105ce do egzaminu na sternika motorowodnego Miejsce: Szarlota k. Ko\u015bcierzyny Termin: informacja w zak\u0142adce &#8220;Wydarzenia&#8221; Pi\u0105tek &#8211; zaj\u0119cia zaczynaj\u0105 si\u0119 o godz. 18.00 &#8211; teoria Sobota &#8211; godz. 10.00-20.00 &hellip; <a href=\"https:\/\/ratownictwo.nodo.pl\/?page_id=334\" class=\"more-link\">Czytaj dalej <span class=\"screen-reader-text\">Szkolenia motorowodne<\/span> <span class=\"meta-nav\">&rarr;<\/span><\/a><\/p>\n","protected":false},"author":2,"featured_media":0,"parent":0,"menu_order":0,"comment_status":"closed","ping_status":"open","template":"","meta":{"footnotes":""},"_links":{"self":[{"href":"https:\/\/ratownictwo.nodo.pl\/index.php?rest_route=\/wp\/v2\/pages\/334"}],"collection":[{"href":"https:\/\/ratownictwo.nodo.pl\/index.php?rest_route=\/wp\/v2\/pages"}],"about":[{"href":"https:\/\/ratownictwo.nodo.pl\/index.php?rest_route=\/wp\/v2\/types\/page"}],"author":[{"embeddable":true,"href":"https:\/\/ratownictwo.nodo.pl\/index.php?rest_route=\/wp\/v2\/users\/2"}],"replies":[{"embeddable":true,"href":"https:\/\/ratownictwo.nodo.pl\/index.php?rest_route=%2Fwp%2Fv2%2Fcomments&post=334"}],"version-history":[{"count":24,"href":"https:\/\/ratownictwo.nodo.pl\/index.php?rest_route=\/wp\/v2\/pages\/334\/revisions"}],"predecessor-version":[{"id":630,"href":"https:\/\/ratownictwo.nodo.pl\/index.php?rest_route=\/wp\/v2\/pages\/334\/revisions\/630"}],"wp:attachment":[{"href":"https:\/\/ratownictwo.nodo.pl\/index.php?rest_route=%2Fwp%2Fv2%2Fmedia&parent=334"}],"curies":[{"name":"wp","href":"https:\/\/api.w.org\/{rel}","templated":true}]}}