{"id":31,"date":"2015-03-31T22:09:53","date_gmt":"2015-03-31T20:09:53","guid":{"rendered":"https:\/\/ratownictwo.nodo.pl\/?page_id=31"},"modified":"2021-07-25T15:51:44","modified_gmt":"2021-07-25T13:51:44","slug":"o-nas","status":"publish","type":"page","link":"https:\/\/ratownictwo.nodo.pl\/","title":{"rendered":"Bezpiecze\u0144stwo to nasza praca i pasja"},"content":{"rendered":"<p><img loading=\"lazy\" decoding=\"async\" class=\"wp-image-392 alignleft\" src=\"https:\/\/ratownictwo.nodo.pl\/wp-content\/uploads\/2016\/08\/logo-NoDo-300x215.jpg\" alt=\"Ratownictwo NoDo\" width=\"56\" height=\"40\" srcset=\"https:\/\/ratownictwo.nodo.pl\/wp-content\/uploads\/2016\/08\/logo-NoDo-300x215.jpg 300w, https:\/\/ratownictwo.nodo.pl\/wp-content\/uploads\/2016\/08\/logo-NoDo.bmp 453w\" sizes=\"(max-width: 56px) 100vw, 56px\" \/><strong>RATOWNICTWO<br \/>\nNoDo Mariusz Penar<\/strong><\/p>\n<p>Zajmujemy si\u0119 bezpiecze\u0144stwem &#8211; Ratownictwo to jedna z naszych specjalizacji.<\/p>\n<p>Uczymy dzia\u0142a\u0107 w sytuacjach kryzysowych,<br \/>\ngdy bezpo\u015brednio zagro\u017cone jest zdrowie lub \u017cycie.<br \/>\nPomagamy tworzy\u0107 oraz nadzorowa\u0107 wewn\u0119trzne systemy pierwszej pomocy<br \/>\ni ratownictwa.<br \/>\nWykonujemy us\u0142ugi w zakresie ratownictwa specjalistycznego:<br \/>\n\u2013 przemys\u0142owego,<br \/>\n\u2013 wysoko\u015bciowego,<br \/>\n\u2013 narciarskiego.<\/p>\n<p><a href=\"https:\/\/www.prc.krakow.pl\/wytyczne_2021.html\" target=\"_blank\" rel=\"noopener noreferrer\">Wytyczne ERC<\/a><\/p>\n<p>Bidony z filtrem<a href=\"https:\/\/watertogo.pl\" target=\"_blank\" rel=\"noopener noreferrer\"> Water-to-Go<\/a><\/p>\n","protected":false},"excerpt":{"rendered":"<p>RATOWNICTWO NoDo Mariusz Penar Zajmujemy si\u0119 bezpiecze\u0144stwem &#8211; Ratownictwo to jedna z naszych specjalizacji. Uczymy dzia\u0142a\u0107 w sytuacjach kryzysowych, gdy bezpo\u015brednio zagro\u017cone jest zdrowie lub \u017cycie. Pomagamy tworzy\u0107 oraz nadzorowa\u0107 &hellip; <a href=\"https:\/\/ratownictwo.nodo.pl\/\" class=\"more-link\">Czytaj dalej <span class=\"screen-reader-text\">Bezpiecze\u0144stwo to nasza praca i pasja<\/span> <span class=\"meta-nav\">&rarr;<\/span><\/a><\/p>\n","protected":false},"author":2,"featured_media":0,"parent":0,"menu_order":0,"comment_status":"closed","ping_status":"open","template":"","meta":{"footnotes":""},"_links":{"self":[{"href":"https:\/\/ratownictwo.nodo.pl\/index.php?rest_route=\/wp\/v2\/pages\/31"}],"collection":[{"href":"https:\/\/ratownictwo.nodo.pl\/index.php?rest_route=\/wp\/v2\/pages"}],"about":[{"href":"https:\/\/ratownictwo.nodo.pl\/index.php?rest_route=\/wp\/v2\/types\/page"}],"author":[{"embeddable":true,"href":"https:\/\/ratownictwo.nodo.pl\/index.php?rest_route=\/wp\/v2\/users\/2"}],"replies":[{"embeddable":true,"href":"https:\/\/ratownictwo.nodo.pl\/index.php?rest_route=%2Fwp%2Fv2%2Fcomments&post=31"}],"version-history":[{"count":27,"href":"https:\/\/ratownictwo.nodo.pl\/index.php?rest_route=\/wp\/v2\/pages\/31\/revisions"}],"predecessor-version":[{"id":620,"href":"https:\/\/ratownictwo.nodo.pl\/index.php?rest_route=\/wp\/v2\/pages\/31\/revisions\/620"}],"wp:attachment":[{"href":"https:\/\/ratownictwo.nodo.pl\/index.php?rest_route=%2Fwp%2Fv2%2Fmedia&parent=31"}],"curies":[{"name":"wp","href":"https:\/\/api.w.org\/{rel}","templated":true}]}}