{"id":140,"date":"2015-08-13T22:20:17","date_gmt":"2015-08-13T20:20:17","guid":{"rendered":"https:\/\/ratownictwo.nodo.pl\/?page_id=140"},"modified":"2015-08-14T09:41:23","modified_gmt":"2015-08-14T07:41:23","slug":"ratownictwo-narciarskie","status":"publish","type":"page","link":"https:\/\/ratownictwo.nodo.pl\/?page_id=140","title":{"rendered":"Ratownictwo narciarskie"},"content":{"rendered":"<p>Oferujemy zabezpieczenie ratownicze stok\u00f3w narciarskich w wojew\u00f3dztwie pomorskim.<br \/>\nUs\u0142ug\u0119 realizujemy zgodnie z\u00a0<a href=\"https:\/\/ratownictwo.nodo.pl\/wp-content\/uploads\/2015\/08\/ustawa-bezp-gory2.pdf\" target=\"_blank\">Ustaw\u0105 z dnia 18 sierpnia 2011 r.<\/a><br \/>\n<a href=\"https:\/\/ratownictwo.nodo.pl\/wp-content\/uploads\/2015\/08\/ustawa-bezp-gory2.pdf\" target=\"_blank\"> o bezpiecze\u0144stwie i ratownictwie w g\u00f3rach<\/a><br \/>\n<a href=\"https:\/\/ratownictwo.nodo.pl\/wp-content\/uploads\/2015\/08\/ustawa-bezp-gory2.pdf\" target=\"_blank\"> i na zorganizowanych terenach narciarskich<\/a>.<\/p>\n","protected":false},"excerpt":{"rendered":"<p>Oferujemy zabezpieczenie ratownicze stok\u00f3w narciarskich w wojew\u00f3dztwie pomorskim. Us\u0142ug\u0119 realizujemy zgodnie z\u00a0Ustaw\u0105 z dnia 18 sierpnia 2011 r. o bezpiecze\u0144stwie i ratownictwie w g\u00f3rach i na zorganizowanych terenach narciarskich.<\/p>\n","protected":false},"author":2,"featured_media":0,"parent":0,"menu_order":0,"comment_status":"closed","ping_status":"open","template":"","meta":{"footnotes":""},"_links":{"self":[{"href":"https:\/\/ratownictwo.nodo.pl\/index.php?rest_route=\/wp\/v2\/pages\/140"}],"collection":[{"href":"https:\/\/ratownictwo.nodo.pl\/index.php?rest_route=\/wp\/v2\/pages"}],"about":[{"href":"https:\/\/ratownictwo.nodo.pl\/index.php?rest_route=\/wp\/v2\/types\/page"}],"author":[{"embeddable":true,"href":"https:\/\/ratownictwo.nodo.pl\/index.php?rest_route=\/wp\/v2\/users\/2"}],"replies":[{"embeddable":true,"href":"https:\/\/ratownictwo.nodo.pl\/index.php?rest_route=%2Fwp%2Fv2%2Fcomments&post=140"}],"version-history":[{"count":4,"href":"https:\/\/ratownictwo.nodo.pl\/index.php?rest_route=\/wp\/v2\/pages\/140\/revisions"}],"predecessor-version":[{"id":171,"href":"https:\/\/ratownictwo.nodo.pl\/index.php?rest_route=\/wp\/v2\/pages\/140\/revisions\/171"}],"wp:attachment":[{"href":"https:\/\/ratownictwo.nodo.pl\/index.php?rest_route=%2Fwp%2Fv2%2Fmedia&parent=140"}],"curies":[{"name":"wp","href":"https:\/\/api.w.org\/{rel}","templated":true}]}}