{"id":123,"date":"2015-08-13T18:09:20","date_gmt":"2015-08-13T16:09:20","guid":{"rendered":"https:\/\/ratownictwo.nodo.pl\/?page_id=123"},"modified":"2017-06-30T11:10:24","modified_gmt":"2017-06-30T09:10:24","slug":"kursy-z-kpp","status":"publish","type":"page","link":"https:\/\/ratownictwo.nodo.pl\/?page_id=123","title":{"rendered":"Szkolenia"},"content":{"rendered":"<p><a href=\"https:\/\/ratownictwo.nodo.pl\/?page_id=151\" target=\"_blank\" rel=\"noopener noreferrer\">Szkolenie ratownik\u00f3w wodnych<\/a><\/p>\n<p><a href=\"https:\/\/ratownictwo.nodo.pl\/?page_id=197\" target=\"_blank\" rel=\"noopener noreferrer\">Szkolenie instruktor\u00f3w ratownictwa<\/a><\/p>\n<p><strong>Szkolenia z pierwszej pomocy<\/strong><br \/>\ndla grup zorganizowanych (miejsce i termin do ustalenia) &#8211; <a href=\"https:\/\/ratownictwo.nodo.pl\/?page_id=75\" target=\"_blank\" rel=\"noopener noreferrer\">zapytaj<\/a><br \/>\n&#8211; podstawowe zabiegi ratuj\u0105ce \u017cycie (BLS)<br \/>\n&#8211; u\u017cycie p\u00f3\u0142automatycznego defibrylatora (AED)<br \/>\n&#8211; pierwsz pomoc w urazach<br \/>\n&#8211; pierwsza pomoc w innych stanach zagro\u017cenia \u017cycia<\/p>\n<p><a href=\"http:\/\/www.kravmaga-ikmf.com.pl\/\" target=\"_blank\" rel=\"noopener noreferrer\">Zaj\u0119cia\u00a0z samoobrony<\/a><\/p>\n<p><strong>Kursy z KPP<\/strong><br \/>\n<a href=\"https:\/\/pl-pl.facebook.com\/PMSzkoleniaIntegracja\/\" target=\"_blank\" rel=\"noopener noreferrer\">Para-Med Szkolenia Integracja<\/a><\/p>\n","protected":false},"excerpt":{"rendered":"<p>Szkolenie ratownik\u00f3w wodnych Szkolenie instruktor\u00f3w ratownictwa Szkolenia z pierwszej pomocy dla grup zorganizowanych (miejsce i termin do ustalenia) &#8211; zapytaj &#8211; podstawowe zabiegi ratuj\u0105ce \u017cycie (BLS) &#8211; u\u017cycie p\u00f3\u0142automatycznego defibrylatora &hellip; <a href=\"https:\/\/ratownictwo.nodo.pl\/?page_id=123\" class=\"more-link\">Czytaj dalej <span class=\"screen-reader-text\">Szkolenia<\/span> <span class=\"meta-nav\">&rarr;<\/span><\/a><\/p>\n","protected":false},"author":2,"featured_media":0,"parent":0,"menu_order":0,"comment_status":"closed","ping_status":"open","template":"","meta":{"footnotes":""},"_links":{"self":[{"href":"https:\/\/ratownictwo.nodo.pl\/index.php?rest_route=\/wp\/v2\/pages\/123"}],"collection":[{"href":"https:\/\/ratownictwo.nodo.pl\/index.php?rest_route=\/wp\/v2\/pages"}],"about":[{"href":"https:\/\/ratownictwo.nodo.pl\/index.php?rest_route=\/wp\/v2\/types\/page"}],"author":[{"embeddable":true,"href":"https:\/\/ratownictwo.nodo.pl\/index.php?rest_route=\/wp\/v2\/users\/2"}],"replies":[{"embeddable":true,"href":"https:\/\/ratownictwo.nodo.pl\/index.php?rest_route=%2Fwp%2Fv2%2Fcomments&post=123"}],"version-history":[{"count":33,"href":"https:\/\/ratownictwo.nodo.pl\/index.php?rest_route=\/wp\/v2\/pages\/123\/revisions"}],"predecessor-version":[{"id":480,"href":"https:\/\/ratownictwo.nodo.pl\/index.php?rest_route=\/wp\/v2\/pages\/123\/revisions\/480"}],"wp:attachment":[{"href":"https:\/\/ratownictwo.nodo.pl\/index.php?rest_route=%2Fwp%2Fv2%2Fmedia&parent=123"}],"curies":[{"name":"wp","href":"https:\/\/api.w.org\/{rel}","templated":true}]}}